{"id":21651,"date":"2021-06-03T07:34:12","date_gmt":"2021-06-03T04:34:12","guid":{"rendered":"https:\/\/www.nestkozmetik.com\/Arcade\/?post_type=product&#038;p=21651"},"modified":"2024-05-12T13:38:59","modified_gmt":"2024-05-12T10:38:59","slug":"natural-kartus-agda","status":"publish","type":"product","link":"https:\/\/www.nestkozmetik.com\/en\/product-page\/natural-kartus-agda","title":{"rendered":"Naturel Kartu\u015f A\u011fda 100 ml"},"content":{"rendered":"<div  data-delay=\"0\" class=\"vc_row wpb_row vc_row-fluid\"><div class=\"rs_col-sm-12 wpb_column vc_column_container vc_col-sm-12\" data-delay=\"0\"><div class=\"vc_column-inner\"><div class=\"wpb_wrapper\"><div class=\"vc_row wpb_row vc_inner vc_row-fluid\"><div class=\"wpb_column vc_column_container vc_col-sm-6\"><div class=\"vc_column-inner\"><div class=\"wpb_wrapper\"><img loading=\"lazy\" class=\"alignnone wp-image-21650\" style=\"margin-top: -37px;\" src=\"http:\/\/www.nestkozmetik.com\/Arcade\/wp-content\/uploads\/2019\/01\/sert-300x181.jpg\" alt=\"\" width=\"262\" height=\"158\" srcset=\"https:\/\/www.nestkozmetik.com\/wp-content\/uploads\/2019\/01\/sert-300x181.jpg 300w, https:\/\/www.nestkozmetik.com\/wp-content\/uploads\/2019\/01\/sert-768x463.jpg 768w, https:\/\/www.nestkozmetik.com\/wp-content\/uploads\/2019\/01\/sert-16x10.jpg 16w, https:\/\/www.nestkozmetik.com\/wp-content\/uploads\/2019\/01\/sert-600x361.jpg 600w, https:\/\/www.nestkozmetik.com\/wp-content\/uploads\/2019\/01\/sert-266x160.jpg 266w, https:\/\/www.nestkozmetik.com\/wp-content\/uploads\/2019\/01\/sert-750x452.jpg 750w, https:\/\/www.nestkozmetik.com\/wp-content\/uploads\/2019\/01\/sert-540x325.jpg 540w, https:\/\/www.nestkozmetik.com\/wp-content\/uploads\/2019\/01\/sert.jpg 792w\" sizes=\"(max-width: 262px) 100vw, 262px\" \/>Please provide product id to display corresponding data!<\/div><\/div><\/div><div class=\"wpb_column vc_column_container vc_col-sm-6\"><div class=\"vc_column-inner\"><div class=\"wpb_wrapper\">Please provide product id to display corresponding data!<\/div><\/div><\/div><\/div><\/div><\/div><\/div><\/div><div  data-delay=\"0\" class=\"vc_row wpb_row vc_row-fluid\"><div class=\"wpb_column vc_column_container vc_col-sm-12\" data-delay=\"0\"><div class=\"vc_column-inner\"><div class=\"wpb_wrapper\"><div id=\"1560853699133-16fe1439-2926\" class=\"dt-sc-empty-space\"><\/div><div class='dt-sc-clear'> <\/div><\/div><\/div><\/div><\/div><div  data-delay=\"0\" class=\"vc_row wpb_row vc_row-fluid\"><div class=\"wpb_column vc_column_container vc_col-sm-12\" data-delay=\"0\"><div class=\"vc_column-inner\"><div class=\"wpb_wrapper\"><div class='dt-sc-tabs-horizontal-frame-container  type8 shop-detail-tab' data-effect='fade' data-delay='0'><ul class='dt-sc-tabs-horizontal-frame'><li><a href=\"javascript:void(0);\">A\u00e7\u0131klama<\/a><\/li><\/ul><div class='dt-sc-tabs-horizontal-frame-content'>Please provide product id to display corresponding data!<\/div><\/div><\/div><\/div><\/div><\/div><div  data-delay=\"0\" class=\"vc_row wpb_row vc_row-fluid\"><div class=\"wpb_column vc_column_container vc_col-sm-12\" data-delay=\"0\"><div class=\"vc_column-inner\"><div class=\"wpb_wrapper\"><div class='dt-sc-clear'> <\/div><div id=\"1560324512750-6bddd391-5e37\" class=\"dt-sc-empty-space\"><\/div><\/div><\/div><\/div><\/div><div  data-delay=\"0\" class=\"vc_row wpb_row vc_row-fluid\"><div class=\"wpb_column vc_column_container vc_col-sm-12\" data-delay=\"0\"><div class=\"vc_column-inner\"><div class=\"wpb_wrapper\">Please provide product id to display corresponding data!<\/div><\/div><\/div><\/div><div  data-delay=\"0\" class=\"vc_row wpb_row vc_row-fluid\"><div class=\"wpb_column vc_column_container vc_col-sm-12\" data-delay=\"0\"><div class=\"vc_column-inner\"><div class=\"wpb_wrapper\"><div id=\"1560935327322-db28eabb-60cf\" class=\"dt-sc-empty-space\"><\/div><\/div><\/div><\/div><\/div><div  data-delay=\"0\" class=\"vc_row wpb_row vc_row-fluid\"><div class=\"wpb_column vc_column_container vc_col-sm-12\" data-delay=\"0\"><div class=\"vc_column-inner\"><div class=\"wpb_wrapper\">Please provide product id to display corresponding data!<\/div><\/div><\/div><\/div>","protected":false},"excerpt":{"rendered":"<ul>\n<li>M\u00fckemmel \u00fcr\u00fcn<strong> performans<\/strong>\u0131<\/li>\n<li>Farkl\u0131 i\u00e7eriklerle <strong>her cildin ihtiyac\u0131na<\/strong> uygun olarak geli\u015ftirilmi\u015ftir.<\/li>\n<li>K\u0131sa t\u00fcylerde bile <strong>etkilidir.<\/strong><\/li>\n<li>D\u00fczenli kullan\u0131ld\u0131\u011f\u0131nda t\u00fcylerde <strong>azalma ve incelme<\/strong> g\u00f6r\u00fcl\u00fcr.<\/li>\n<li>Cildin \u00fczerindeki <strong>\u00f6l\u00fc deriyi temizler.<\/strong><\/li>\n<\/ul>","protected":false},"featured_media":22451,"comment_status":"closed","ping_status":"closed","template":"","meta":[],"_links":{"self":[{"href":"https:\/\/www.nestkozmetik.com\/en\/wp-json\/wp\/v2\/product\/21651"}],"collection":[{"href":"https:\/\/www.nestkozmetik.com\/en\/wp-json\/wp\/v2\/product"}],"about":[{"href":"https:\/\/www.nestkozmetik.com\/en\/wp-json\/wp\/v2\/types\/product"}],"replies":[{"embeddable":true,"href":"https:\/\/www.nestkozmetik.com\/en\/wp-json\/wp\/v2\/comments?post=21651"}],"wp:featuredmedia":[{"embeddable":true,"href":"https:\/\/www.nestkozmetik.com\/en\/wp-json\/wp\/v2\/media\/22451"}],"wp:attachment":[{"href":"https:\/\/www.nestkozmetik.com\/en\/wp-json\/wp\/v2\/media?parent=21651"}],"curies":[{"name":"wp","href":"https:\/\/api.w.org\/{rel}","templated":true}]}}