{"id":21804,"date":"2021-06-11T10:08:07","date_gmt":"2021-06-11T07:08:07","guid":{"rendered":"https:\/\/www.nestkozmetik.com\/Arcade\/?post_type=product&#038;p=21804"},"modified":"2021-06-15T23:02:48","modified_gmt":"2021-06-15T20:02:48","slug":"film-wax-altin","status":"publish","type":"product","link":"https:\/\/www.nestkozmetik.com\/en\/product-page\/film-wax-altin","title":{"rendered":"Boncuk Film Wax Alt\u0131n 400 gr."},"content":{"rendered":"<div  data-delay=\"0\" class=\"vc_row wpb_row vc_row-fluid\"><div class=\"rs_col-sm-12 wpb_column vc_column_container vc_col-sm-12\" data-delay=\"0\"><div class=\"vc_column-inner\"><div class=\"wpb_wrapper\"><div class=\"vc_row wpb_row vc_inner vc_row-fluid\"><div class=\"wpb_column vc_column_container vc_col-sm-6\"><div class=\"vc_column-inner\"><div class=\"wpb_wrapper\"><img loading=\"lazy\" class=\"alignnone wp-image-21662 size-medium\" style=\"margin-top: -37px;\" src=\"http:\/\/www.nestkozmetik.com\/Arcade\/wp-content\/uploads\/2021\/06\/boncuk-ser-300x149.jpg\" alt=\"\" width=\"300\" height=\"149\" srcset=\"https:\/\/www.nestkozmetik.com\/wp-content\/uploads\/2021\/06\/boncuk-ser-300x149.jpg 300w, https:\/\/www.nestkozmetik.com\/wp-content\/uploads\/2021\/06\/boncuk-ser-768x381.jpg 768w, https:\/\/www.nestkozmetik.com\/wp-content\/uploads\/2021\/06\/boncuk-ser-16x8.jpg 16w, https:\/\/www.nestkozmetik.com\/wp-content\/uploads\/2021\/06\/boncuk-ser-600x298.jpg 600w, https:\/\/www.nestkozmetik.com\/wp-content\/uploads\/2021\/06\/boncuk-ser-280x139.jpg 280w, https:\/\/www.nestkozmetik.com\/wp-content\/uploads\/2021\/06\/boncuk-ser-750x372.jpg 750w, https:\/\/www.nestkozmetik.com\/wp-content\/uploads\/2021\/06\/boncuk-ser-540x268.jpg 540w, https:\/\/www.nestkozmetik.com\/wp-content\/uploads\/2021\/06\/boncuk-ser.jpg 977w\" sizes=\"(max-width: 300px) 100vw, 300px\" \/>Please provide product id to display corresponding data!<\/div><\/div><\/div><div class=\"wpb_column vc_column_container vc_col-sm-6\"><div class=\"vc_column-inner\"><div class=\"wpb_wrapper\">Please provide product id to display corresponding data!<\/div><\/div><\/div><\/div><\/div><\/div><\/div><\/div><div  data-delay=\"0\" class=\"vc_row wpb_row vc_row-fluid\"><div class=\"wpb_column vc_column_container vc_col-sm-12\" data-delay=\"0\"><div class=\"vc_column-inner\"><div class=\"wpb_wrapper\"><div id=\"1560853699133-16fe1439-2926\" class=\"dt-sc-empty-space\"><\/div><div class='dt-sc-clear'> <\/div><\/div><\/div><\/div><\/div><div  data-delay=\"0\" class=\"vc_row wpb_row vc_row-fluid\"><div class=\"wpb_column vc_column_container vc_col-sm-12\" data-delay=\"0\"><div class=\"vc_column-inner\"><div class=\"wpb_wrapper\"><div class='dt-sc-tabs-horizontal-frame-container  type8 shop-detail-tab' data-effect='fade' data-delay='0'><ul class='dt-sc-tabs-horizontal-frame'><li><a href=\"javascript:void(0);\">A\u00e7\u0131klama<\/a><\/li><\/ul><div class='dt-sc-tabs-horizontal-frame-content'>Please provide product id to display corresponding data!<\/div><\/div><\/div><\/div><\/div><\/div><div  data-delay=\"0\" class=\"vc_row wpb_row vc_row-fluid\"><div class=\"wpb_column vc_column_container vc_col-sm-12\" data-delay=\"0\"><div class=\"vc_column-inner\"><div class=\"wpb_wrapper\"><div class='dt-sc-clear'> <\/div><div id=\"1560324512750-6bddd391-5e37\" class=\"dt-sc-empty-space\"><\/div><\/div><\/div><\/div><\/div><div  data-delay=\"0\" class=\"vc_row wpb_row vc_row-fluid\"><div class=\"wpb_column vc_column_container vc_col-sm-12\" data-delay=\"0\"><div class=\"vc_column-inner\"><div class=\"wpb_wrapper\">Please provide product id to display corresponding data!<\/div><\/div><\/div><\/div><div  data-delay=\"0\" class=\"vc_row wpb_row vc_row-fluid\"><div class=\"wpb_column vc_column_container vc_col-sm-12\" data-delay=\"0\"><div class=\"vc_column-inner\"><div class=\"wpb_wrapper\"><div id=\"1560935327322-db28eabb-60cf\" class=\"dt-sc-empty-space\"><\/div><\/div><\/div><\/div><\/div><div  data-delay=\"0\" class=\"vc_row wpb_row vc_row-fluid\"><div class=\"wpb_column vc_column_container vc_col-sm-12\" data-delay=\"0\"><div class=\"vc_column-inner\"><div class=\"wpb_wrapper\">Please provide product id to display corresponding data!<\/div><\/div><\/div><\/div>","protected":false},"excerpt":{"rendered":"<ul>\n<li>K\u0131sa t\u00fcylerde <strong>etkili.<\/strong><\/li>\n<li>Cildinizi<strong> ar\u0131nd\u0131r\u0131r.<\/strong><\/li>\n<li>Cildinizin nem dengesini<strong> korur<\/strong>.<\/li>\n<li>%80 <strong>bitkisel<\/strong> i\u00e7erik.<\/li>\n<\/ul>","protected":false},"featured_media":21889,"comment_status":"closed","ping_status":"closed","template":"","meta":[],"_links":{"self":[{"href":"https:\/\/www.nestkozmetik.com\/en\/wp-json\/wp\/v2\/product\/21804"}],"collection":[{"href":"https:\/\/www.nestkozmetik.com\/en\/wp-json\/wp\/v2\/product"}],"about":[{"href":"https:\/\/www.nestkozmetik.com\/en\/wp-json\/wp\/v2\/types\/product"}],"replies":[{"embeddable":true,"href":"https:\/\/www.nestkozmetik.com\/en\/wp-json\/wp\/v2\/comments?post=21804"}],"wp:featuredmedia":[{"embeddable":true,"href":"https:\/\/www.nestkozmetik.com\/en\/wp-json\/wp\/v2\/media\/21889"}],"wp:attachment":[{"href":"https:\/\/www.nestkozmetik.com\/en\/wp-json\/wp\/v2\/media?parent=21804"}],"curies":[{"name":"wp","href":"https:\/\/api.w.org\/{rel}","templated":true}]}}