{"id":21814,"date":"2021-06-11T13:02:51","date_gmt":"2021-06-11T10:02:51","guid":{"rendered":"https:\/\/www.nestkozmetik.com\/Arcade\/?post_type=product&#038;p=21814"},"modified":"2021-06-16T10:34:09","modified_gmt":"2021-06-16T07:34:09","slug":"konserve-agda-naturel","status":"publish","type":"product","link":"https:\/\/www.nestkozmetik.com\/en\/product-page\/konserve-agda-naturel","title":{"rendered":"Konserve A\u011fda Naturel 800 gr."},"content":{"rendered":"<div  data-delay=\"0\" class=\"vc_row wpb_row vc_row-fluid\"><div class=\"rs_col-sm-12 wpb_column vc_column_container vc_col-sm-12\" data-delay=\"0\"><div class=\"vc_column-inner\"><div class=\"wpb_wrapper\"><div class=\"vc_row wpb_row vc_inner vc_row-fluid\"><div class=\"wpb_column vc_column_container vc_col-sm-6\"><div class=\"vc_column-inner\"><div class=\"wpb_wrapper\">Please provide product id to display corresponding data!<\/div><\/div><\/div><div class=\"wpb_column vc_column_container vc_col-sm-6\"><div class=\"vc_column-inner\"><div class=\"wpb_wrapper\">Please provide product id to display corresponding data!<\/div><\/div><\/div><\/div><\/div><\/div><\/div><\/div><div  data-delay=\"0\" class=\"vc_row wpb_row vc_row-fluid\"><div class=\"wpb_column vc_column_container vc_col-sm-12\" data-delay=\"0\"><div class=\"vc_column-inner\"><div class=\"wpb_wrapper\"><div id=\"1560853699133-16fe1439-2926\" class=\"dt-sc-empty-space\"><\/div><div class='dt-sc-clear'> <\/div><\/div><\/div><\/div><\/div><div  data-delay=\"0\" class=\"vc_row wpb_row vc_row-fluid\"><div class=\"wpb_column vc_column_container vc_col-sm-12\" data-delay=\"0\"><div class=\"vc_column-inner\"><div class=\"wpb_wrapper\"><div class='dt-sc-tabs-horizontal-frame-container  type8 shop-detail-tab' data-effect='fade' data-delay='0'><ul class='dt-sc-tabs-horizontal-frame'><li><a href=\"javascript:void(0);\">A\u00e7\u0131klama<\/a><\/li><\/ul><div class='dt-sc-tabs-horizontal-frame-content'>Please provide product id to display corresponding data!<\/div><\/div><\/div><\/div><\/div><\/div><div  data-delay=\"0\" class=\"vc_row wpb_row vc_row-fluid\"><div class=\"wpb_column vc_column_container vc_col-sm-12\" data-delay=\"0\"><div class=\"vc_column-inner\"><div class=\"wpb_wrapper\"><div class='dt-sc-clear'> <\/div><div id=\"1560324512750-6bddd391-5e37\" class=\"dt-sc-empty-space\"><\/div><\/div><\/div><\/div><\/div><div  data-delay=\"0\" class=\"vc_row wpb_row vc_row-fluid\"><div class=\"wpb_column vc_column_container vc_col-sm-12\" data-delay=\"0\"><div class=\"vc_column-inner\"><div class=\"wpb_wrapper\">Please provide product id to display corresponding data!<\/div><\/div><\/div><\/div><div  data-delay=\"0\" class=\"vc_row wpb_row vc_row-fluid\"><div class=\"wpb_column vc_column_container vc_col-sm-12\" data-delay=\"0\"><div class=\"vc_column-inner\"><div class=\"wpb_wrapper\"><div id=\"1560935327322-db28eabb-60cf\" class=\"dt-sc-empty-space\"><\/div><\/div><\/div><\/div><\/div><div  data-delay=\"0\" class=\"vc_row wpb_row vc_row-fluid\"><div class=\"wpb_column vc_column_container vc_col-sm-12\" data-delay=\"0\"><div class=\"vc_column-inner\"><div class=\"wpb_wrapper\">Please provide product id to display corresponding data!<\/div><\/div><\/div><\/div>","protected":false},"excerpt":{"rendered":"<ul>\n<li>D\u00fczenli kullan\u0131mla <strong>t\u00fcyleriniz daha seyrek<\/strong><\/li>\n<li>En k\u0131sa t\u00fcylerde bile <strong>etkili<\/strong><\/li>\n<li>Uzun s\u00fcreli<b> sonu\u00e7lar.<\/b><\/li>\n<li><strong>Normal ve hassas<\/strong>\u00a0ciltler i\u00e7in.<\/li>\n<li>\u015eeker <strong>i\u00e7ermez<\/strong>.<\/li>\n<\/ul>","protected":false},"featured_media":21750,"comment_status":"closed","ping_status":"closed","template":"","meta":[],"_links":{"self":[{"href":"https:\/\/www.nestkozmetik.com\/en\/wp-json\/wp\/v2\/product\/21814"}],"collection":[{"href":"https:\/\/www.nestkozmetik.com\/en\/wp-json\/wp\/v2\/product"}],"about":[{"href":"https:\/\/www.nestkozmetik.com\/en\/wp-json\/wp\/v2\/types\/product"}],"replies":[{"embeddable":true,"href":"https:\/\/www.nestkozmetik.com\/en\/wp-json\/wp\/v2\/comments?post=21814"}],"wp:featuredmedia":[{"embeddable":true,"href":"https:\/\/www.nestkozmetik.com\/en\/wp-json\/wp\/v2\/media\/21750"}],"wp:attachment":[{"href":"https:\/\/www.nestkozmetik.com\/en\/wp-json\/wp\/v2\/media?parent=21814"}],"curies":[{"name":"wp","href":"https:\/\/api.w.org\/{rel}","templated":true}]}}