{"id":21840,"date":"2021-06-11T17:09:27","date_gmt":"2021-06-11T14:09:27","guid":{"rendered":"https:\/\/www.nestkozmetik.com\/Arcade\/?post_type=product&#038;p=21840"},"modified":"2021-06-16T01:11:44","modified_gmt":"2021-06-15T22:11:44","slug":"balyaj-boyasi-mor","status":"publish","type":"product","link":"https:\/\/www.nestkozmetik.com\/en\/product-page\/balyaj-boyasi-mor","title":{"rendered":"Balyaj Boyas\u0131 Mor 250 ml."},"content":{"rendered":"<div  data-delay=\"0\" class=\"vc_row wpb_row vc_row-fluid\"><div class=\"rs_col-sm-12 wpb_column vc_column_container vc_col-sm-12\" data-delay=\"0\"><div class=\"vc_column-inner\"><div class=\"wpb_wrapper\"><div class=\"vc_row wpb_row vc_inner vc_row-fluid\"><div class=\"wpb_column vc_column_container vc_col-sm-6\"><div class=\"vc_column-inner\"><div class=\"wpb_wrapper\">Please provide product id to display corresponding data!<\/div><\/div><\/div><div class=\"wpb_column vc_column_container vc_col-sm-6\"><div class=\"vc_column-inner\"><div class=\"wpb_wrapper\">Please provide product id to display corresponding data!<\/div><\/div><\/div><\/div><\/div><\/div><\/div><\/div><div  data-delay=\"0\" class=\"vc_row wpb_row vc_row-fluid\"><div class=\"wpb_column vc_column_container vc_col-sm-12\" data-delay=\"0\"><div class=\"vc_column-inner\"><div class=\"wpb_wrapper\"><div id=\"1560853699133-16fe1439-2926\" class=\"dt-sc-empty-space\"><\/div><div class='dt-sc-clear'> <\/div><\/div><\/div><\/div><\/div><div  data-delay=\"0\" class=\"vc_row wpb_row vc_row-fluid\"><div class=\"wpb_column vc_column_container vc_col-sm-12\" data-delay=\"0\"><div class=\"vc_column-inner\"><div class=\"wpb_wrapper\"><div class='dt-sc-tabs-horizontal-frame-container  type8 shop-detail-tab' data-effect='fade' data-delay='0'><ul class='dt-sc-tabs-horizontal-frame'><li><a href=\"javascript:void(0);\">A\u00e7\u0131klama<\/a><\/li><\/ul><div class='dt-sc-tabs-horizontal-frame-content'>Please provide product id to display corresponding data!<\/div><\/div><\/div><\/div><\/div><\/div><div  data-delay=\"0\" class=\"vc_row wpb_row vc_row-fluid\"><div class=\"wpb_column vc_column_container vc_col-sm-12\" data-delay=\"0\"><div class=\"vc_column-inner\"><div class=\"wpb_wrapper\"><div class='dt-sc-clear'> <\/div><div id=\"1560324512750-6bddd391-5e37\" class=\"dt-sc-empty-space\"><\/div><\/div><\/div><\/div><\/div><div  data-delay=\"0\" class=\"vc_row wpb_row vc_row-fluid\"><div class=\"wpb_column vc_column_container vc_col-sm-12\" data-delay=\"0\"><div class=\"vc_column-inner\"><div class=\"wpb_wrapper\">Please provide product id to display corresponding data!<\/div><\/div><\/div><\/div><div  data-delay=\"0\" class=\"vc_row wpb_row vc_row-fluid\"><div class=\"wpb_column vc_column_container vc_col-sm-12\" data-delay=\"0\"><div class=\"vc_column-inner\"><div class=\"wpb_wrapper\"><div id=\"1560935327322-db28eabb-60cf\" class=\"dt-sc-empty-space\"><\/div><\/div><\/div><\/div><\/div><div  data-delay=\"0\" class=\"vc_row wpb_row vc_row-fluid\"><div class=\"wpb_column vc_column_container vc_col-sm-12\" data-delay=\"0\"><div class=\"vc_column-inner\"><div class=\"wpb_wrapper\">Please provide product id to display corresponding data!<\/div><\/div><\/div><\/div>","protected":false},"excerpt":{"rendered":"<ul>\n<li>Parlak ve moda renkler<\/li>\n<li>Sa\u00e7 a\u00e7\u0131c\u0131lar i\u00e7ermez.<\/li>\n<li>\u00d6nceden i\u015flem g\u00f6rm\u00fc\u015f sa\u00e7a kolayca uygulanabilir.<\/li>\n<li>Amonyak i\u00e7ermez.<\/li>\n<\/ul>","protected":false},"featured_media":21906,"comment_status":"closed","ping_status":"closed","template":"","meta":[],"_links":{"self":[{"href":"https:\/\/www.nestkozmetik.com\/en\/wp-json\/wp\/v2\/product\/21840"}],"collection":[{"href":"https:\/\/www.nestkozmetik.com\/en\/wp-json\/wp\/v2\/product"}],"about":[{"href":"https:\/\/www.nestkozmetik.com\/en\/wp-json\/wp\/v2\/types\/product"}],"replies":[{"embeddable":true,"href":"https:\/\/www.nestkozmetik.com\/en\/wp-json\/wp\/v2\/comments?post=21840"}],"wp:featuredmedia":[{"embeddable":true,"href":"https:\/\/www.nestkozmetik.com\/en\/wp-json\/wp\/v2\/media\/21906"}],"wp:attachment":[{"href":"https:\/\/www.nestkozmetik.com\/en\/wp-json\/wp\/v2\/media?parent=21840"}],"curies":[{"name":"wp","href":"https:\/\/api.w.org\/{rel}","templated":true}]}}