{"id":21868,"date":"2021-06-12T01:08:22","date_gmt":"2021-06-11T22:08:22","guid":{"rendered":"http:\/\/www.nestkozmetik.com\/Arcade\/?post_type=product&#038;p=21868"},"modified":"2024-05-12T13:42:15","modified_gmt":"2024-05-12T10:42:15","slug":"boya-silici","status":"publish","type":"product","link":"https:\/\/www.nestkozmetik.com\/en\/product-page\/boya-silici","title":{"rendered":"Boya Silici 250 ml."},"content":{"rendered":"<div  data-delay=\"0\" class=\"vc_row wpb_row vc_row-fluid\"><div class=\"rs_col-sm-12 wpb_column vc_column_container vc_col-sm-12\" data-delay=\"0\"><div class=\"vc_column-inner\"><div class=\"wpb_wrapper\"><div class=\"vc_row wpb_row vc_inner vc_row-fluid\"><div class=\"wpb_column vc_column_container vc_col-sm-6\"><div class=\"vc_column-inner\"><div class=\"wpb_wrapper\">Please provide product id to display corresponding data!<\/div><\/div><\/div><div class=\"wpb_column vc_column_container vc_col-sm-6\"><div class=\"vc_column-inner\"><div class=\"wpb_wrapper\">Please provide product id to display corresponding data!<\/div><\/div><\/div><\/div><\/div><\/div><\/div><\/div><div  data-delay=\"0\" class=\"vc_row wpb_row vc_row-fluid\"><div class=\"wpb_column vc_column_container vc_col-sm-12\" data-delay=\"0\"><div class=\"vc_column-inner\"><div class=\"wpb_wrapper\"><div id=\"1560853699133-16fe1439-2926\" class=\"dt-sc-empty-space\"><\/div><div class='dt-sc-clear'> <\/div><\/div><\/div><\/div><\/div><div  data-delay=\"0\" class=\"vc_row wpb_row vc_row-fluid\"><div class=\"wpb_column vc_column_container vc_col-sm-12\" data-delay=\"0\"><div class=\"vc_column-inner\"><div class=\"wpb_wrapper\"><div class='dt-sc-tabs-horizontal-frame-container  type8 shop-detail-tab' data-effect='fade' data-delay='0'><ul class='dt-sc-tabs-horizontal-frame'><li><a href=\"javascript:void(0);\">A\u00e7\u0131klama<\/a><\/li><\/ul><div class='dt-sc-tabs-horizontal-frame-content'>Please provide product id to display corresponding data!<\/div><\/div><\/div><\/div><\/div><\/div><div  data-delay=\"0\" class=\"vc_row wpb_row vc_row-fluid\"><div class=\"wpb_column vc_column_container vc_col-sm-12\" data-delay=\"0\"><div class=\"vc_column-inner\"><div class=\"wpb_wrapper\"><div class='dt-sc-clear'> <\/div><div id=\"1560324512750-6bddd391-5e37\" class=\"dt-sc-empty-space\"><\/div><\/div><\/div><\/div><\/div><div  data-delay=\"0\" class=\"vc_row wpb_row vc_row-fluid\"><div class=\"wpb_column vc_column_container vc_col-sm-12\" data-delay=\"0\"><div class=\"vc_column-inner\"><div class=\"wpb_wrapper\">Please provide product id to display corresponding data!<\/div><\/div><\/div><\/div><div  data-delay=\"0\" class=\"vc_row wpb_row vc_row-fluid\"><div class=\"wpb_column vc_column_container vc_col-sm-12\" data-delay=\"0\"><div class=\"vc_column-inner\"><div class=\"wpb_wrapper\"><div id=\"1560935327322-db28eabb-60cf\" class=\"dt-sc-empty-space\"><\/div><\/div><\/div><\/div><\/div><div  data-delay=\"0\" class=\"vc_row wpb_row vc_row-fluid\"><div class=\"wpb_column vc_column_container vc_col-sm-12\" data-delay=\"0\"><div class=\"vc_column-inner\"><div class=\"wpb_wrapper\">Please provide product id to display corresponding data!<\/div><\/div><\/div><\/div>","protected":false},"excerpt":{"rendered":"<ul>\n<li>Sa\u00e7 boyalama i\u015flemi s\u0131ras\u0131nda cilde bula\u015fan boyalar\u0131 temizler.<\/li>\n<li>Amonyaks\u0131z form\u00fcl\u00fc ile cildin nazik\u00e7e temizlenmesini sa\u011flar.<\/li>\n<li>T\u00fcm cilt tipleri i\u00e7in uygundur.<\/li>\n<\/ul>","protected":false},"featured_media":21911,"comment_status":"closed","ping_status":"closed","template":"","meta":[],"_links":{"self":[{"href":"https:\/\/www.nestkozmetik.com\/en\/wp-json\/wp\/v2\/product\/21868"}],"collection":[{"href":"https:\/\/www.nestkozmetik.com\/en\/wp-json\/wp\/v2\/product"}],"about":[{"href":"https:\/\/www.nestkozmetik.com\/en\/wp-json\/wp\/v2\/types\/product"}],"replies":[{"embeddable":true,"href":"https:\/\/www.nestkozmetik.com\/en\/wp-json\/wp\/v2\/comments?post=21868"}],"wp:featuredmedia":[{"embeddable":true,"href":"https:\/\/www.nestkozmetik.com\/en\/wp-json\/wp\/v2\/media\/21911"}],"wp:attachment":[{"href":"https:\/\/www.nestkozmetik.com\/en\/wp-json\/wp\/v2\/media?parent=21868"}],"curies":[{"name":"wp","href":"https:\/\/api.w.org\/{rel}","templated":true}]}}